{"id":28,"date":"2016-09-17T12:37:25","date_gmt":"2016-09-17T12:37:25","guid":{"rendered":"http:\/\/baseline.packs.siteorigin.com\/?page_id=28"},"modified":"2019-11-29T10:01:07","modified_gmt":"2019-11-29T10:01:07","slug":"home-page","status":"publish","type":"page","link":"https:\/\/ambinatura.com\/site\/","title":{"rendered":"Home Page"},"content":{"rendered":"<div id=\"pl-28\"  class=\"panel-layout\" ><div id=\"pg-28-0\"  class=\"panel-grid panel-has-style\" ><div class=\"siteorigin-panels-stretch panel-row-style panel-row-style-for-28-0\" data-stretch-type=\"full-stretched\" ><div id=\"pgc-28-0-0\"  class=\"panel-grid-cell\" ><div id=\"panel-28-0-0-0\" class=\"so-panel widget widget_sow-hero panel-first-child panel-last-child\" data-index=\"0\" ><div\n\t\t\t\n\t\t\tclass=\"so-widget-sow-hero so-widget-sow-hero-default-e304fe981c10-28 so-widget-fittext-wrapper\"\n\t\t\t data-fit-text-compressor=\"0.85\"\n\t\t>\t\t\t\t<div class=\"sow-slider-base\" style=\"display: none\" tabindex=\"0\">\n\t\t\t\t\t<ul\n\t\t\t\t\tclass=\"sow-slider-images\"\n\t\t\t\t\tdata-settings=\"{&quot;pagination&quot;:true,&quot;speed&quot;:800,&quot;timeout&quot;:8000,&quot;paused&quot;:false,&quot;pause_on_hover&quot;:false,&quot;swipe&quot;:true,&quot;nav_always_show_desktop&quot;:&quot;&quot;,&quot;nav_always_show_mobile&quot;:&quot;&quot;,&quot;breakpoint&quot;:&quot;780px&quot;,&quot;unmute&quot;:false,&quot;anchor&quot;:null}\"\n\t\t\t\t\t\t\t\t\t\tdata-anchor-id=\"\"\n\t\t\t\t>\t\t<li class=\"sow-slider-image  sow-slider-image-cover\" style=\"visibility: visible;;background-color: #2d2d2d\" >\n\t\t\t\t\t<div class=\"sow-slider-image-container\">\n\t\t\t<div class=\"sow-slider-image-wrapper\">\n\t\t\t\t<p style=\"text-align: center\">... proporcionamos-lhe melhor<\/p><h1 style=\"text-align: center\"><strong>QUALIDADE DE VIDA<\/strong><\/h1><p style=\"text-align: center\">Com experi\u00eancia de 18 anos na \u00e1rea,\u00a0estamos vocacionados\u00a0essencialmente <br \/>para operar\u00a0em \u00e1reas Florestais, Urbanas, Espa\u00e7os Verdes e\u00a0Praias<\/p>\t\t\t<\/div>\n\t\t<\/div>\n\t\t<div class=\"sow-slider-image-overlay sow-slider-image-cover\" style=\"opacity: 0.6;background-image: url(https:\/\/ambinatura.com\/site\/wp-content\/uploads\/2016\/09\/hero_01.jpg)\"  ><\/div>\t\t<\/li>\n\t\t<\/ul>\t\t\t\t<ol class=\"sow-slider-pagination\">\n\t\t\t\t\t\t\t\t\t\t\t<li><a href=\"#\" data-goto=\"0\" aria-label=\"Display slide 1\"><\/a><\/li>\n\t\t\t\t\t\t\t\t\t<\/ol>\n\n\t\t\t\t<div class=\"sow-slide-nav sow-slide-nav-next\">\n\t\t\t\t\t<a href=\"#\" data-goto=\"next\" aria-label=\"Next slide\" data-action=\"next\">\n\t\t\t\t\t\t<em class=\"sow-sld-icon-thin-right\"><\/em>\n\t\t\t\t\t<\/a>\n\t\t\t\t<\/div>\n\n\t\t\t\t<div class=\"sow-slide-nav sow-slide-nav-prev\">\n\t\t\t\t\t<a href=\"#\" data-goto=\"previous\" aria-label=\"Previous slide\" data-action=\"prev\">\n\t\t\t\t\t\t<em class=\"sow-sld-icon-thin-left\"><\/em>\n\t\t\t\t\t<\/a>\n\t\t\t\t<\/div>\n\t\t\t\t<\/div><\/div><\/div><\/div><\/div><\/div><div id=\"pg-28-1\"  class=\"panel-grid panel-has-style\" ><div class=\"siteorigin-panels-stretch panel-row-style panel-row-style-for-28-1\" data-stretch-type=\"full\" ><div id=\"pgc-28-1-0\"  class=\"panel-grid-cell\" ><div id=\"panel-28-1-0-0\" class=\"so-panel widget widget_sow-headline panel-first-child panel-last-child\" data-index=\"1\" ><div\n\t\t\t\n\t\t\tclass=\"so-widget-sow-headline so-widget-sow-headline-default-737b21ce0125-28\"\n\t\t\t\n\t\t><div class=\"sow-headline-container \">\n\t\t\t\t\t\t\t<h2 class=\"sow-headline\">\n\t\t\t\t\t\tConhe\u00e7a-nos melhor e descarregue a nossa apresenta\u00e7\u00e3o institucional\t\t\t\t\t\t<\/h2>\n\t\t\t\t\t\t<\/div>\n<\/div><\/div><\/div><div id=\"pgc-28-1-1\"  class=\"panel-grid-cell\" ><div id=\"panel-28-1-1-0\" class=\"so-panel widget widget_sow-button panel-first-child panel-last-child\" data-index=\"2\" ><div\n\t\t\t\n\t\t\tclass=\"so-widget-sow-button so-widget-sow-button-flat-11da1f1f6029-28\"\n\t\t\t\n\t\t><div class=\"ow-button-base ow-button-align-center\"\n>\n\t\t\t<a\n\t\t\t\t\thref=\"http:\/\/ambinatura.com\/site\/wp-content\/uploads\/2019\/11\/Apresentacao_Ambinatura_2019_site.pdf\"\n\t\t\t\t\tclass=\"sowb-button ow-icon-placement-left ow-button-hover\" target=\"_blank\" rel=\"noopener noreferrer\" \t>\n\t\t<span>\n\t\t\t<span class=\"sow-icon-fontawesome sow-fas\" data-sow-icon=\"&#xf063;\"\n\t\tstyle=\"\" \n\t\taria-hidden=\"true\"><\/span>\n\t\t\tDescarregar\t\t<\/span>\n\t\t\t<\/a>\n\t<\/div>\n<\/div><\/div><\/div><\/div><\/div><div id=\"pg-28-2\"  class=\"panel-grid panel-has-style\" ><div class=\"panel-row-style panel-row-style-for-28-2\" ><div id=\"pgc-28-2-0\"  class=\"panel-grid-cell\" ><div id=\"panel-28-2-0-0\" class=\"so-panel widget widget_sow-headline panel-first-child panel-last-child\" data-index=\"3\" ><div\n\t\t\t\n\t\t\tclass=\"so-widget-sow-headline so-widget-sow-headline-default-901fa7e6653e-28\"\n\t\t\t\n\t\t><div class=\"sow-headline-container \">\n\t\t\t\t\t\t\t<h1 class=\"sow-headline\">\n\t\t\t\t\t\tESTAMOS VOCACIONADOS PARA\t\t\t\t\t\t<\/h1>\n\t\t\t\t\t\t\t\t\t\t\t<div class=\"decoration\">\n\t\t\t\t\t\t<div class=\"decoration-inside\"><\/div>\n\t\t\t\t\t<\/div>\n\t\t\t\t\t<\/div>\n<\/div><\/div><\/div><\/div><\/div><div id=\"pg-28-3\"  class=\"panel-grid panel-has-style\" ><div class=\"siteorigin-panels-stretch panel-row-style panel-row-style-for-28-3\" data-stretch-type=\"full\" ><div id=\"pgc-28-3-0\"  class=\"panel-grid-cell\" ><div id=\"panel-28-3-0-0\" class=\"so-panel widget widget_black-studio-tinymce widget_black_studio_tinymce panel-first-child\" data-index=\"4\" ><div class=\"textwidget\"><p style=\"text-align: center;\"><a href=\"http:\/\/ambinatura.com\/site\/wp-content\/uploads\/2016\/09\/area_florestal.jpg\" rel=\"lightbox\" data-rel=\"lightbox-gallery-jN99Hb0p\" data-rl_title=\"\" data-rl_caption=\"\" title=\"\"><img loading=\"lazy\" decoding=\"async\" class=\"alignnone wp-image-103 size-medium\" src=\"http:\/\/ambinatura.com\/site\/wp-content\/uploads\/2016\/09\/area_florestal-300x300.jpg\" width=\"300\" height=\"300\" srcset=\"https:\/\/ambinatura.com\/site\/wp-content\/uploads\/2016\/09\/area_florestal-300x300.jpg 300w, https:\/\/ambinatura.com\/site\/wp-content\/uploads\/2016\/09\/area_florestal-150x150.jpg 150w, https:\/\/ambinatura.com\/site\/wp-content\/uploads\/2016\/09\/area_florestal-768x768.jpg 768w, https:\/\/ambinatura.com\/site\/wp-content\/uploads\/2016\/09\/area_florestal-650x650.jpg 650w, https:\/\/ambinatura.com\/site\/wp-content\/uploads\/2016\/09\/area_florestal.jpg 800w\" sizes=\"auto, (max-width: 300px) 100vw, 300px\" \/><\/a><\/p>\n<\/div><\/div><div id=\"panel-28-3-0-1\" class=\"so-panel widget widget_sow-editor panel-last-child\" data-index=\"5\" ><div\n\t\t\t\n\t\t\tclass=\"so-widget-sow-editor so-widget-sow-editor-base\"\n\t\t\t\n\t\t>\n<div class=\"siteorigin-widget-tinymce textwidget\">\n\t<h2 style=\"text-align: center;\"><strong>\u00c1rea Florestal<\/strong><\/h2>\n<p style=\"text-align: center;\">Limpeza e ordenamento florestal;<br \/>\nPrepara\u00e7\u00e3o de terrenos para planta\u00e7\u00e3o de\u00a0Florestas;<br \/>\nLimpeza e desobstru\u00e7\u00e3o de linhas de \u00e1gua e\u00a0galerias rip\u00edcolas.<\/p>\n<\/div>\n<\/div><\/div><\/div><div id=\"pgc-28-3-1\"  class=\"panel-grid-cell\" ><div id=\"panel-28-3-1-0\" class=\"so-panel widget widget_black-studio-tinymce widget_black_studio_tinymce panel-first-child\" data-index=\"6\" ><div class=\"textwidget\"><p><a href=\"http:\/\/ambinatura.com\/site\/wp-content\/uploads\/2016\/09\/\u00c1rea-Urbana.jpg\" rel=\"lightbox\" data-rel=\"lightbox-gallery-jN99Hb0p\" data-rl_title=\"\" data-rl_caption=\"\" title=\"\"><img loading=\"lazy\" decoding=\"async\" class=\"aligncenter wp-image-102 size-medium\" src=\"http:\/\/ambinatura.com\/site\/wp-content\/uploads\/2016\/09\/\u00c1rea-Urbana-300x300.jpg\" width=\"300\" height=\"300\" srcset=\"https:\/\/ambinatura.com\/site\/wp-content\/uploads\/2016\/09\/\u00c1rea-Urbana-300x300.jpg 300w, https:\/\/ambinatura.com\/site\/wp-content\/uploads\/2016\/09\/\u00c1rea-Urbana-150x150.jpg 150w, https:\/\/ambinatura.com\/site\/wp-content\/uploads\/2016\/09\/\u00c1rea-Urbana-768x768.jpg 768w, https:\/\/ambinatura.com\/site\/wp-content\/uploads\/2016\/09\/\u00c1rea-Urbana-650x650.jpg 650w, https:\/\/ambinatura.com\/site\/wp-content\/uploads\/2016\/09\/\u00c1rea-Urbana.jpg 800w\" sizes=\"auto, (max-width: 300px) 100vw, 300px\" \/><\/a><\/p>\n<\/div><\/div><div id=\"panel-28-3-1-1\" class=\"so-panel widget widget_sow-editor panel-last-child\" data-index=\"7\" ><div\n\t\t\t\n\t\t\tclass=\"so-widget-sow-editor so-widget-sow-editor-base\"\n\t\t\t\n\t\t>\n<div class=\"siteorigin-widget-tinymce textwidget\">\n\t<h2 style=\"text-align: center;\"><strong>\u00c1rea Urbana<\/strong><\/h2>\n<p style=\"text-align: center;\">Limpeza urbana em geral;<br \/>Aplica\u00e7\u00e3o de herbicidas;<br \/>Manuten\u00e7\u00e3o e constru\u00e7\u00e3o de espa\u00e7os verdes;<br \/>Limpeza manual e mec\u00e2nica de areal em praias.<\/p>\n<\/div>\n<\/div><\/div><\/div><div id=\"pgc-28-3-2\"  class=\"panel-grid-cell\" ><div id=\"panel-28-3-2-0\" class=\"so-panel widget widget_black-studio-tinymce widget_black_studio_tinymce panel-first-child\" data-index=\"8\" ><div class=\"textwidget\"><p><a href=\"http:\/\/ambinatura.com\/site\/wp-content\/uploads\/2016\/09\/area_conservacao.jpg\" rel=\"lightbox\" data-rel=\"lightbox-gallery-jN99Hb0p\" data-rl_title=\"\" data-rl_caption=\"\" title=\"\"><img loading=\"lazy\" decoding=\"async\" class=\"aligncenter wp-image-107 size-medium\" src=\"http:\/\/ambinatura.com\/site\/wp-content\/uploads\/2016\/09\/area_conservacao-300x300.jpg\" width=\"300\" height=\"300\" srcset=\"https:\/\/ambinatura.com\/site\/wp-content\/uploads\/2016\/09\/area_conservacao-300x300.jpg 300w, https:\/\/ambinatura.com\/site\/wp-content\/uploads\/2016\/09\/area_conservacao-150x150.jpg 150w, https:\/\/ambinatura.com\/site\/wp-content\/uploads\/2016\/09\/area_conservacao-768x768.jpg 768w, https:\/\/ambinatura.com\/site\/wp-content\/uploads\/2016\/09\/area_conservacao-650x650.jpg 650w, https:\/\/ambinatura.com\/site\/wp-content\/uploads\/2016\/09\/area_conservacao.jpg 800w\" sizes=\"auto, (max-width: 300px) 100vw, 300px\" \/><\/a><\/p>\n<\/div><\/div><div id=\"panel-28-3-2-1\" class=\"so-panel widget widget_sow-editor panel-last-child\" data-index=\"9\" ><div\n\t\t\t\n\t\t\tclass=\"so-widget-sow-editor so-widget-sow-editor-base\"\n\t\t\t\n\t\t>\n<div class=\"siteorigin-widget-tinymce textwidget\">\n\t<h2 style=\"text-align: center;\"><strong>\u00c1rea Conserva\u00e7\u00e3o Corrente<\/strong><\/h2>\n<p style=\"text-align: center;\">Limpeza e regulariza\u00e7\u00e3o de bermas, valetas e passeios;<br \/> Limpeza e conserva\u00e7\u00e3o de\u00a0\u00f3rg\u00e3os de drenagem;<br \/> Ceifa e corte de vegeta\u00e7\u00e3o\u00a0espont\u00e2nea de bermas e\u00a0valetas.<br \/> Aplica\u00e7\u00e3o de herbicidas;<\/p>\n<p style=\"text-align: center;\">\u00a0<\/p>\n<\/div>\n<\/div><\/div><\/div><\/div><\/div><div id=\"pg-28-4\"  class=\"panel-grid panel-no-style\" ><div id=\"pgc-28-4-0\"  class=\"panel-grid-cell\" ><div id=\"panel-28-4-0-0\" class=\"so-panel widget widget_sow-headline panel-first-child\" data-index=\"10\" ><div\n\t\t\t\n\t\t\tclass=\"so-widget-sow-headline so-widget-sow-headline-default-901fa7e6653e-28\"\n\t\t\t\n\t\t><div class=\"sow-headline-container \">\n\t\t\t\t\t\t\t<h1 class=\"sow-headline\">\n\t\t\t\t\t\tPrincipais Clientes\t\t\t\t\t\t<\/h1>\n\t\t\t\t\t\t\t\t\t\t\t<div class=\"decoration\">\n\t\t\t\t\t\t<div class=\"decoration-inside\"><\/div>\n\t\t\t\t\t<\/div>\n\t\t\t\t\t<\/div>\n<\/div><\/div><div id=\"panel-28-4-0-1\" class=\"so-panel widget panel-last-child\" data-index=\"11\" ><\/div><\/div><\/div><\/div>","protected":false},"excerpt":{"rendered":"<p>&#8230; proporcionamos-lhe melhorQUALIDADE DE VIDACom experi\u00eancia de 18 anos na \u00e1rea,\u00a0estamos vocacionados\u00a0essencialmente para operar\u00a0em \u00e1reas Florestais, Urbanas, Espa\u00e7os Verdes e\u00a0Praias Conhe\u00e7a-nos melhor e descarregue a nossa apresenta\u00e7\u00e3o institucional Descarregar ESTAMOS VOCACIONADOS PARA \u00c1rea Florestal Limpeza e ordenamento florestal; Prepara\u00e7\u00e3o de terrenos para planta\u00e7\u00e3o de\u00a0Florestas; Limpeza e desobstru\u00e7\u00e3o de linhas de \u00e1gua e\u00a0galerias rip\u00edcolas. \u00c1rea Urbana [&hellip;]<\/p>\n","protected":false},"author":1,"featured_media":0,"parent":0,"menu_order":0,"comment_status":"closed","ping_status":"closed","template":"","meta":{"_exactmetrics_skip_tracking":false,"_exactmetrics_sitenote_active":false,"_exactmetrics_sitenote_note":"","_exactmetrics_sitenote_category":0,"footnotes":""},"class_list":["post-28","page","type-page","status-publish","hentry","post"],"_links":{"self":[{"href":"https:\/\/ambinatura.com\/site\/wp-json\/wp\/v2\/pages\/28","targetHints":{"allow":["GET"]}}],"collection":[{"href":"https:\/\/ambinatura.com\/site\/wp-json\/wp\/v2\/pages"}],"about":[{"href":"https:\/\/ambinatura.com\/site\/wp-json\/wp\/v2\/types\/page"}],"author":[{"embeddable":true,"href":"https:\/\/ambinatura.com\/site\/wp-json\/wp\/v2\/users\/1"}],"replies":[{"embeddable":true,"href":"https:\/\/ambinatura.com\/site\/wp-json\/wp\/v2\/comments?post=28"}],"version-history":[{"count":15,"href":"https:\/\/ambinatura.com\/site\/wp-json\/wp\/v2\/pages\/28\/revisions"}],"predecessor-version":[{"id":181,"href":"https:\/\/ambinatura.com\/site\/wp-json\/wp\/v2\/pages\/28\/revisions\/181"}],"wp:attachment":[{"href":"https:\/\/ambinatura.com\/site\/wp-json\/wp\/v2\/media?parent=28"}],"curies":[{"name":"wp","href":"https:\/\/api.w.org\/{rel}","templated":true}]}}